{"id":810,"date":"2013-11-23T10:18:41","date_gmt":"2013-11-23T09:18:41","guid":{"rendered":"http:\/\/23.hvg-grossseelheim.de\/?page_id=810"},"modified":"2025-05-25T20:31:41","modified_gmt":"2025-05-25T18:31:41","slug":"startseite","status":"publish","type":"page","link":"https:\/\/beobachter23.de\/","title":{"rendered":"Startseite"},"content":{"rendered":"<h2 style=\"text-align: center;\"><strong>Freundeskreis Aufkl\u00e4rende Artilleristen Stadtallendorf<\/strong><\/h2>\n<h5 style=\"text-align: center;\"><img loading=\"lazy\" decoding=\"async\" class=\"size-full wp-image-2877\" src=\"https:\/\/beobachter23.de\/wp-content\/uploads\/btl-a.jpg\" alt=\"\" width=\"256\" height=\"289\"><\/h5>\n<h5 style=\"text-align: center;\"><em>Herzlich Willkommen auf unserer Homepage!<\/em><\/h5>\n<p>Unter dem Men\u00fcpunkt &#8222;Aktuelles&#8220;, &#8222;Presseberichte&#8220; findet ihr einen Link zu einer F\u00fchrung am Museumstag 2025 in das ehemalige Munitionslager. Vielleicht meldet sich ja der Verfasser eines der Texte, die auf den Bildern von den W\u00e4nden der alten Bunker zu sehen sind.<span style=\"color: #339966;\">&nbsp;<\/span><\/p>\n<p style=\"text-align: center;\"><span style=\"color: #ff0000;\"><strong><span style=\"color: #000000;\">Bleiben Sie gesund!!!!<br \/>\n<\/span> <\/strong><\/span><\/p>\n<p style=\"text-align: center;\">&nbsp;<\/p>\n","protected":false},"excerpt":{"rendered":"<p>Freundeskreis Aufkl\u00e4rende Artilleristen Stadtallendorf Herzlich Willkommen auf unserer Homepage! Unter dem Men\u00fcpunkt &#8222;Aktuelles&#8220;, &#8222;Presseberichte&#8220; findet ihr einen Link zu einer F\u00fchrung am Museumstag 2025 in das ehemalige Munitionslager. Vielleicht meldet sich ja der Verfasser eines der Texte, die auf den &hellip; <a href=\"https:\/\/beobachter23.de\/\">Weiterlesen <span class=\"meta-nav\">&rarr;<\/span><\/a><\/p>\n","protected":false},"author":1,"featured_media":0,"parent":0,"menu_order":0,"comment_status":"closed","ping_status":"closed","template":"","meta":{"ngg_post_thumbnail":0,"footnotes":""},"class_list":["post-810","page","type-page","status-publish","hentry"],"_links":{"self":[{"href":"https:\/\/beobachter23.de\/index.php?rest_route=\/wp\/v2\/pages\/810","targetHints":{"allow":["GET"]}}],"collection":[{"href":"https:\/\/beobachter23.de\/index.php?rest_route=\/wp\/v2\/pages"}],"about":[{"href":"https:\/\/beobachter23.de\/index.php?rest_route=\/wp\/v2\/types\/page"}],"author":[{"embeddable":true,"href":"https:\/\/beobachter23.de\/index.php?rest_route=\/wp\/v2\/users\/1"}],"replies":[{"embeddable":true,"href":"https:\/\/beobachter23.de\/index.php?rest_route=%2Fwp%2Fv2%2Fcomments&post=810"}],"version-history":[{"count":188,"href":"https:\/\/beobachter23.de\/index.php?rest_route=\/wp\/v2\/pages\/810\/revisions"}],"predecessor-version":[{"id":4095,"href":"https:\/\/beobachter23.de\/index.php?rest_route=\/wp\/v2\/pages\/810\/revisions\/4095"}],"wp:attachment":[{"href":"https:\/\/beobachter23.de\/index.php?rest_route=%2Fwp%2Fv2%2Fmedia&parent=810"}],"curies":[{"name":"wp","href":"https:\/\/api.w.org\/{rel}","templated":true}]}}