{"id":405,"date":"2013-05-30T13:30:43","date_gmt":"2013-05-30T11:30:43","guid":{"rendered":"http:\/\/23.hvg-grossseelheim.de\/?page_id=405"},"modified":"2024-07-23T17:07:41","modified_gmt":"2024-07-23T15:07:41","slug":"kameradengedenken","status":"publish","type":"page","link":"https:\/\/beobachter23.de\/?page_id=405","title":{"rendered":"Kameradengedenken"},"content":{"rendered":"<p>Unseren verstorbenenen Kameraden werden wir immer ein ehrendes Andenken bewahren. Leider erhalten wir keine Informationen \u00fcber mittlerweile verstorbene Angeh\u00f6rige des Freundeskreises. Die folgende Liste enth\u00e4lt daher nur Eintr\u00e4ge bis 2023. &nbsp;&nbsp;&nbsp; <a href=\"https:\/\/beobachter23.de\/wp-content\/uploads\/Kameradengedenken-1-2023.pdf\">Kameradengedenken 1 2023<\/a><\/p>\n","protected":false},"excerpt":{"rendered":"<p>Unseren verstorbenenen Kameraden werden wir immer ein ehrendes Andenken bewahren. Leider erhalten wir keine Informationen \u00fcber mittlerweile verstorbene Angeh\u00f6rige des Freundeskreises. Die folgende Liste enth\u00e4lt daher nur Eintr\u00e4ge bis 2023. &nbsp;&nbsp;&nbsp; Kameradengedenken 1 2023<\/p>\n","protected":false},"author":1,"featured_media":0,"parent":802,"menu_order":0,"comment_status":"closed","ping_status":"closed","template":"","meta":{"ngg_post_thumbnail":0,"footnotes":""},"class_list":["post-405","page","type-page","status-publish","hentry"],"_links":{"self":[{"href":"https:\/\/beobachter23.de\/index.php?rest_route=\/wp\/v2\/pages\/405","targetHints":{"allow":["GET"]}}],"collection":[{"href":"https:\/\/beobachter23.de\/index.php?rest_route=\/wp\/v2\/pages"}],"about":[{"href":"https:\/\/beobachter23.de\/index.php?rest_route=\/wp\/v2\/types\/page"}],"author":[{"embeddable":true,"href":"https:\/\/beobachter23.de\/index.php?rest_route=\/wp\/v2\/users\/1"}],"replies":[{"embeddable":true,"href":"https:\/\/beobachter23.de\/index.php?rest_route=%2Fwp%2Fv2%2Fcomments&post=405"}],"version-history":[{"count":37,"href":"https:\/\/beobachter23.de\/index.php?rest_route=\/wp\/v2\/pages\/405\/revisions"}],"predecessor-version":[{"id":4081,"href":"https:\/\/beobachter23.de\/index.php?rest_route=\/wp\/v2\/pages\/405\/revisions\/4081"}],"up":[{"embeddable":true,"href":"https:\/\/beobachter23.de\/index.php?rest_route=\/wp\/v2\/pages\/802"}],"wp:attachment":[{"href":"https:\/\/beobachter23.de\/index.php?rest_route=%2Fwp%2Fv2%2Fmedia&parent=405"}],"curies":[{"name":"wp","href":"https:\/\/api.w.org\/{rel}","templated":true}]}}