{"id":3201,"date":"2019-03-10T17:33:24","date_gmt":"2019-03-10T16:33:24","guid":{"rendered":"https:\/\/beobachter23.de\/?page_id=3201"},"modified":"2019-12-31T13:04:00","modified_gmt":"2019-12-31T12:04:00","slug":"berichte","status":"publish","type":"page","link":"https:\/\/beobachter23.de\/?page_id=3201","title":{"rendered":"Berichte"},"content":{"rendered":"<h3>Vor 40 Jahren! Tr\u00dcbPl Munster S\u00fcd 1979&nbsp; <a href=\"https:\/\/beobachter23.de\/wp-content\/uploads\/1979-Tr\u00dcbPl-2.pdf\">1979 Tr\u00dcbPl 2<\/a><\/h3>\n<h3>Vor 30 Jahren (Auszug aus der Chronik)&nbsp;&nbsp; <a href=\"https:\/\/beobachter23.de\/wp-content\/uploads\/1989.pdf\">1989<\/a><\/h3>\n<h3>Mit dem Theodoliten wurde Hessen vermessen&nbsp;&nbsp;&nbsp;&nbsp; <a href=\"https:\/\/beobachter23.de\/wp-content\/uploads\/Auszug-aus-der-OP-Marburg-vom-04.pdf\">auszug-aus-der-op-marburg-vom-04<\/a><\/h3>\n<hr>\n<h3>Bericht \u201eTag der Garnision\u201c (IDAR-OBERSTEIN 09. Juli 2016)&nbsp;&nbsp; <a href=\"https:\/\/beobachter23.de\/wp-content\/uploads\/Tag-der-Garnison-Bericht-wo_he.pdf\">Tag der Garnison Bericht-wo_he<\/a><\/h3>\n<hr>\n<p>\u201e100 Jahre Aufkl\u00e4rende Artillerie\u201c 1. Teil von DipIng J. Wolff&nbsp;&nbsp;&nbsp; <a href=\"https:\/\/beobachter23.de\/wp-content\/uploads\/2016_03_20_Aufsatzreihe_Teil_1.pdf\">2016_03_20_Aufsatzreihe_Teil_1<\/a><\/p>\n<hr>\n<p>Ehemaligen Treffen der einstigen \u201eDrohnenbatterie\u201c aus Stadtallendorf&nbsp;&nbsp;&nbsp; <a href=\"https:\/\/beobachter23.de\/wp-content\/uploads\/Ehemaligentreffen-Drohnenbatterie-Stadtallendorf.pdf\">Ehemalige<\/a><\/p>\n<hr>\n<p><strong>Neues Wahrzeichen der Herrenwaldkas<\/strong><strong>erne!&nbsp; <a href=\"https:\/\/beobachter23.de\/wp-content\/uploads\/HWK-M\u00e4rz-20161.pdf\">HWK M\u00e4rz 2016<\/a><\/strong><\/p>\n<hr>\n<h3>Tag der offenen T\u00fcr in MEPPEN&nbsp;&nbsp;&nbsp;&nbsp; <a href=\"https:\/\/beobachter23.de\/wp-content\/uploads\/Tag-der-offenen-T\u00fcr-der-WTD-91-in-Meppen.pdf\">Tag der offenen T\u00fcr der WTD 91 in Meppen<\/a><\/h3>\n","protected":false},"excerpt":{"rendered":"<p>Vor 40 Jahren! Tr\u00dcbPl Munster S\u00fcd 1979&nbsp; 1979 Tr\u00dcbPl 2 Vor 30 Jahren (Auszug aus der Chronik)&nbsp;&nbsp; 1989 Mit dem Theodoliten wurde Hessen vermessen&nbsp;&nbsp;&nbsp;&nbsp; auszug-aus-der-op-marburg-vom-04 Bericht \u201eTag der Garnision\u201c (IDAR-OBERSTEIN 09. Juli 2016)&nbsp;&nbsp; Tag der Garnison Bericht-wo_he \u201e100 Jahre Aufkl\u00e4rende &hellip; <a href=\"https:\/\/beobachter23.de\/?page_id=3201\">Weiterlesen <span class=\"meta-nav\">&rarr;<\/span><\/a><\/p>\n","protected":false},"author":1,"featured_media":0,"parent":0,"menu_order":0,"comment_status":"closed","ping_status":"closed","template":"","meta":{"ngg_post_thumbnail":0,"footnotes":""},"class_list":["post-3201","page","type-page","status-publish","hentry"],"_links":{"self":[{"href":"https:\/\/beobachter23.de\/index.php?rest_route=\/wp\/v2\/pages\/3201","targetHints":{"allow":["GET"]}}],"collection":[{"href":"https:\/\/beobachter23.de\/index.php?rest_route=\/wp\/v2\/pages"}],"about":[{"href":"https:\/\/beobachter23.de\/index.php?rest_route=\/wp\/v2\/types\/page"}],"author":[{"embeddable":true,"href":"https:\/\/beobachter23.de\/index.php?rest_route=\/wp\/v2\/users\/1"}],"replies":[{"embeddable":true,"href":"https:\/\/beobachter23.de\/index.php?rest_route=%2Fwp%2Fv2%2Fcomments&post=3201"}],"version-history":[{"count":4,"href":"https:\/\/beobachter23.de\/index.php?rest_route=\/wp\/v2\/pages\/3201\/revisions"}],"predecessor-version":[{"id":3529,"href":"https:\/\/beobachter23.de\/index.php?rest_route=\/wp\/v2\/pages\/3201\/revisions\/3529"}],"wp:attachment":[{"href":"https:\/\/beobachter23.de\/index.php?rest_route=%2Fwp%2Fv2%2Fmedia&parent=3201"}],"curies":[{"name":"wp","href":"https:\/\/api.w.org\/{rel}","templated":true}]}}