{"id":1556,"date":"2014-08-05T09:17:34","date_gmt":"2014-08-05T07:17:34","guid":{"rendered":"http:\/\/beobachter23.de\/?page_id=1556"},"modified":"2024-07-25T20:28:57","modified_gmt":"2024-07-25T18:28:57","slug":"neuigkeiten","status":"publish","type":"page","link":"https:\/\/beobachter23.de\/?page_id=1556","title":{"rendered":"Neuigkeiten"},"content":{"rendered":"<hr>\n<p>Milit\u00e4rgeschichtliche Sammlung der DSK unterst\u00fctzt die Artillerieschule&nbsp; <a href=\"https:\/\/beobachter23.de\/wp-content\/uploads\/GfAk-Kiessling.pdf\">Schreiben Oberstleutnant Kleine<\/a><\/p>\n<hr>\n<p>Neuer Divisionskommadeur&nbsp; <a href=\"https:\/\/beobachter23.de\/wp-content\/uploads\/26.03.22-OP.pdf\">26.03.22 OP<\/a><\/p>\n<hr>\n<p>Divisionsspitze wechselt&nbsp;&nbsp; <a href=\"https:\/\/beobachter23.de\/wp-content\/uploads\/Wechsel-in-der-F\u00fchrung-der-DSK-OP-M\u00e4rz-2019.pdf\">Wechsel in der F\u00fchrung der DSK OP M\u00e4rz 2019<\/a><\/p>\n<hr>\n<p>Drohne CL 89 steht vor der MGS der DSK &nbsp; (M\u00e4rz 2019) &nbsp; <a href=\"https:\/\/beobachter23.de\/wp-content\/uploads\/CL-89-MGS.pdf\">CL 89 MGS<\/a><\/p>\n<hr>\n<p>Gedenkstein f\u00fcr die Toten der Division in der HWK enth\u00fcllt&nbsp;&nbsp; <a href=\"https:\/\/beobachter23.de\/wp-content\/uploads\/Gedenkstein-2016.pdf\">Gedenkstein-2016<\/a><\/p>\n<hr>\n<p>Besuch des Niederl\u00e4ndischen Anteils der DSK in der MGS &nbsp;&nbsp; <a href=\"https:\/\/beobachter23.de\/wp-content\/uploads\/Besuche-NDLer-Anteil-DSK.pdf\">Besuche NDLer Anteil DSK<\/a><\/p>\n<hr>\n<p>Auszug aus der Zeitschrift &#8222;Milit\u00e4rgeschichte&#8220; von 2016 &nbsp; <a href=\"https:\/\/beobachter23.de\/wp-content\/uploads\/Mil.Gesch_.-3_2016.pdf\">Mil.Gesch. 3_2016<\/a><\/p>\n<hr>\n<p>Milit\u00e4rgeschichtliche Sammlung der Division Schnelle Kr\u00e4fte (DSK) <a href=\"https:\/\/beobachter23.de\/wp-content\/uploads\/MGS-der-DSK-2019.pdf\">MGS der DSK (2019)<\/a><\/p>\n","protected":false},"excerpt":{"rendered":"<p>Milit\u00e4rgeschichtliche Sammlung der DSK unterst\u00fctzt die Artillerieschule&nbsp; Schreiben Oberstleutnant Kleine Neuer Divisionskommadeur&nbsp; 26.03.22 OP Divisionsspitze wechselt&nbsp;&nbsp; Wechsel in der F\u00fchrung der DSK OP M\u00e4rz 2019 Drohne CL 89 steht vor der MGS der DSK &nbsp; (M\u00e4rz 2019) &nbsp; CL 89 &hellip; <a href=\"https:\/\/beobachter23.de\/?page_id=1556\">Weiterlesen <span class=\"meta-nav\">&rarr;<\/span><\/a><\/p>\n","protected":false},"author":3,"featured_media":0,"parent":0,"menu_order":0,"comment_status":"closed","ping_status":"closed","template":"","meta":{"ngg_post_thumbnail":0,"footnotes":""},"class_list":["post-1556","page","type-page","status-publish","hentry"],"_links":{"self":[{"href":"https:\/\/beobachter23.de\/index.php?rest_route=\/wp\/v2\/pages\/1556","targetHints":{"allow":["GET"]}}],"collection":[{"href":"https:\/\/beobachter23.de\/index.php?rest_route=\/wp\/v2\/pages"}],"about":[{"href":"https:\/\/beobachter23.de\/index.php?rest_route=\/wp\/v2\/types\/page"}],"author":[{"embeddable":true,"href":"https:\/\/beobachter23.de\/index.php?rest_route=\/wp\/v2\/users\/3"}],"replies":[{"embeddable":true,"href":"https:\/\/beobachter23.de\/index.php?rest_route=%2Fwp%2Fv2%2Fcomments&post=1556"}],"version-history":[{"count":79,"href":"https:\/\/beobachter23.de\/index.php?rest_route=\/wp\/v2\/pages\/1556\/revisions"}],"predecessor-version":[{"id":4088,"href":"https:\/\/beobachter23.de\/index.php?rest_route=\/wp\/v2\/pages\/1556\/revisions\/4088"}],"wp:attachment":[{"href":"https:\/\/beobachter23.de\/index.php?rest_route=%2Fwp%2Fv2%2Fmedia&parent=1556"}],"curies":[{"name":"wp","href":"https:\/\/api.w.org\/{rel}","templated":true}]}}